{"id":3923,"date":"2019-05-28T09:39:54","date_gmt":"2019-05-28T09:39:54","guid":{"rendered":"https:\/\/duettorent.nl\/?page_id=3923"},"modified":"2024-04-24T18:16:46","modified_gmt":"2024-04-24T16:16:46","slug":"partners","status":"publish","type":"page","link":"https:\/\/duettorent.nl\/it\/partners\/","title":{"rendered":"Partners"},"content":{"rendered":"<p>Uwsalonboot.nl. Uwsalonboot.nl organizza crociere sull&#8217;Utrechtse Vecht o Loosdrechtse Plassen. Scopri l&#8217;Utrechtse Vecht e Loosdrechtse Plassen sulla loro unica berlina &#8220;La Vita \u00e9 Bella&#8221;. Questa speciale berlina \u00e8 la barca privata pi\u00f9 lussuosa che <a href=\"https:\/\/duettorent.nl\/it\/partners\/\" title=\"Read more on Partners\" class=\"more-link\">read more<\/a><\/p>\n","protected":false},"excerpt":{"rendered":"<p>Uwsalonboot.nl. Uwsalonboot.nl organizza crociere sull&#8217;Utrechtse Vecht o Loosdrechtse Plassen. Scopri l&#8217;Utrechtse Vecht e Loosdrechtse Plassen sulla loro unica berlina &#8220;La Vita \u00e9 Bella&#8221;. Questa speciale berlina \u00e8 la barca privata pi\u00f9 lussuosa che read more<\/p>\n","protected":false},"author":1,"featured_media":0,"parent":0,"menu_order":22,"comment_status":"closed","ping_status":"closed","template":"","meta":[],"yoast_head":"<!-- This site is optimized with the Yoast SEO plugin v16.1.1 - https:\/\/yoast.com\/wordpress\/plugins\/seo\/ -->\n<title>Partners | Duetto Rent<\/title>\n<meta name=\"robots\" content=\"index, follow, max-snippet:-1, max-image-preview:large, max-video-preview:-1\" \/>\n<link rel=\"canonical\" href=\"https:\/\/duettorent.nl\/it\/partners\/\" \/>\n<meta property=\"og:locale\" content=\"it_IT\" \/>\n<meta property=\"og:type\" content=\"article\" \/>\n<meta property=\"og:title\" content=\"Partners | Duetto Rent\" \/>\n<meta property=\"og:description\" content=\"Uwsalonboot.nl. Uwsalonboot.nl organizza crociere sull&#8217;Utrechtse Vecht o Loosdrechtse Plassen. Scopri l&#8217;Utrechtse Vecht e Loosdrechtse Plassen sulla loro unica berlina &#8220;La Vita \u00e9 Bella&#8221;. Questa speciale berlina \u00e8 la barca privata pi\u00f9 lussuosa che read more\" \/>\n<meta property=\"og:url\" content=\"https:\/\/duettorent.nl\/it\/partners\/\" \/>\n<meta property=\"og:site_name\" content=\"Duetto Rent\" \/>\n<meta property=\"article:modified_time\" content=\"2024-04-24T16:16:46+00:00\" \/>\n<meta name=\"twitter:card\" content=\"summary\" \/>\n<meta name=\"twitter:label1\" content=\"Tempo di lettura stimato\">\n\t<meta name=\"twitter:data1\" content=\"5 minuti\">\n<script type=\"application\/ld+json\" class=\"yoast-schema-graph\">{\"@context\":\"https:\/\/schema.org\",\"@graph\":[{\"@type\":\"WebSite\",\"@id\":\"https:\/\/duettorent.nl\/it\/#website\",\"url\":\"https:\/\/duettorent.nl\/it\/\",\"name\":\"Duetto Rent\",\"description\":\"Italiaanse klassieke autoverhuur\",\"potentialAction\":[{\"@type\":\"SearchAction\",\"target\":\"https:\/\/duettorent.nl\/it\/?s={search_term_string}\",\"query-input\":\"required name=search_term_string\"}],\"inLanguage\":\"it-IT\"},{\"@type\":\"WebPage\",\"@id\":\"https:\/\/duettorent.nl\/it\/partners\/#webpage\",\"url\":\"https:\/\/duettorent.nl\/it\/partners\/\",\"name\":\"Partners | Duetto Rent\",\"isPartOf\":{\"@id\":\"https:\/\/duettorent.nl\/it\/#website\"},\"datePublished\":\"2019-05-28T09:39:54+00:00\",\"dateModified\":\"2024-04-24T16:16:46+00:00\",\"breadcrumb\":{\"@id\":\"https:\/\/duettorent.nl\/it\/partners\/#breadcrumb\"},\"inLanguage\":\"it-IT\",\"potentialAction\":[{\"@type\":\"ReadAction\",\"target\":[\"https:\/\/duettorent.nl\/it\/partners\/\"]}]},{\"@type\":\"BreadcrumbList\",\"@id\":\"https:\/\/duettorent.nl\/it\/partners\/#breadcrumb\",\"itemListElement\":[{\"@type\":\"ListItem\",\"position\":1,\"item\":{\"@type\":\"WebPage\",\"@id\":\"https:\/\/duettorent.nl\/it\/home\/\",\"url\":\"https:\/\/duettorent.nl\/it\/home\/\",\"name\":\"Home\"}},{\"@type\":\"ListItem\",\"position\":2,\"item\":{\"@type\":\"WebPage\",\"@id\":\"https:\/\/duettorent.nl\/it\/partners\/\",\"url\":\"https:\/\/duettorent.nl\/it\/partners\/\",\"name\":\"Partners\"}}]}]}<\/script>\n<!-- \/ Yoast SEO plugin. -->","_links":{"self":[{"href":"https:\/\/duettorent.nl\/it\/wp-json\/wp\/v2\/pages\/3923"}],"collection":[{"href":"https:\/\/duettorent.nl\/it\/wp-json\/wp\/v2\/pages"}],"about":[{"href":"https:\/\/duettorent.nl\/it\/wp-json\/wp\/v2\/types\/page"}],"author":[{"embeddable":true,"href":"https:\/\/duettorent.nl\/it\/wp-json\/wp\/v2\/users\/1"}],"replies":[{"embeddable":true,"href":"https:\/\/duettorent.nl\/it\/wp-json\/wp\/v2\/comments?post=3923"}],"version-history":[{"count":15,"href":"https:\/\/duettorent.nl\/it\/wp-json\/wp\/v2\/pages\/3923\/revisions"}],"predecessor-version":[{"id":4253,"href":"https:\/\/duettorent.nl\/it\/wp-json\/wp\/v2\/pages\/3923\/revisions\/4253"}],"wp:attachment":[{"href":"https:\/\/duettorent.nl\/it\/wp-json\/wp\/v2\/media?parent=3923"}],"curies":[{"name":"wp","href":"https:\/\/api.w.org\/{rel}","templated":true}]}}